{"id":891,"date":"2017-06-19T10:40:37","date_gmt":"2017-06-19T08:40:37","guid":{"rendered":"http:\/\/www.ddec22.asso.fr\/lenumerique\/?page_id=891"},"modified":"2018-09-10T12:06:11","modified_gmt":"2018-09-10T10:06:11","slug":"inscriptions-movie-makers","status":"publish","type":"page","link":"http:\/\/www.ddec22.asso.fr\/lenumerique\/moviemakers\/moviemakers2019\/inscriptions-movie-makers\/","title":{"rendered":"Inscriptions Movie Makers"},"content":{"rendered":"<p>[et_pb_section bb_built=&#8221;1&#8243; admin_label=&#8221;section&#8221; _builder_version=&#8221;3.3.1&#8243; background_color=&#8221;#cbc7bb&#8221;][et_pb_row background_position=&#8221;top_left&#8221; background_repeat=&#8221;repeat&#8221; background_size=&#8221;initial&#8221; _builder_version=&#8221;3.3.1&#8243; background_color=&#8221;#cbc7bb&#8221;][et_pb_column type=&#8221;4_4&#8243;][et_pb_text admin_label=&#8221;Retour titre&#8221; _builder_version=&#8221;3.3.1&#8243;]<\/p>\n<h1><a href=\"http:\/\/www.ddec22.asso.fr\/lenumerique\/index.php\/moviemakers\/moviemakers2019\/\"><img loading=\"lazy\" decoding=\"async\" class=\"alignleft wp-image-51043 size-medium\" src=\"http:\/\/www.ddec22.asso.fr\/lenumerique\/wp-content\/uploads\/2018\/07\/logo-300x126.png\" alt=\"\" width=\"300\" height=\"126\" srcset=\"http:\/\/www.ddec22.asso.fr\/lenumerique\/wp-content\/uploads\/2018\/07\/logo-300x126.png 300w, http:\/\/www.ddec22.asso.fr\/lenumerique\/wp-content\/uploads\/2018\/07\/logo-768x323.png 768w, http:\/\/www.ddec22.asso.fr\/lenumerique\/wp-content\/uploads\/2018\/07\/logo-1024x431.png 1024w, http:\/\/www.ddec22.asso.fr\/lenumerique\/wp-content\/uploads\/2018\/07\/logo.png 1045w\" sizes=\"(max-width: 300px) 100vw, 300px\" \/><\/a>Produire des images num\u00e9riques pour mieux les comprendre<\/h1>\n<p>[\/et_pb_text][et_pb_button admin_label=&#8221;Bouton accueil&#8221; button_url=&#8221;http:\/\/www.ddec22.asso.fr\/lenumerique\/index.php\/moviemakers\/moviemakers2019\/&#8221; button_text=&#8221;Accueil&#8221; button_alignment=&#8221;left&#8221; _builder_version=&#8221;3.9&#8243; custom_button=&#8221;on&#8221; button_text_size=&#8221;18&#8243; button_text_color=&#8221;#000000&#8243; button_bg_color=&#8221;#ffdfb0&#8243; button_border_color=&#8221;#807060&#8243; button_border_radius=&#8221;12&#8243; button_icon=&#8221;%%204%%&#8221; button_icon_color=&#8221;#ffdfb0&#8243; button_text_color_hover=&#8221;#ffffff&#8221; button_bg_color_hover=&#8221;#807060&#8243; custom_margin=&#8221;0px||0px|&#8221; custom_padding=&#8221;0px||0px|&#8221; box_shadow_style=&#8221;preset1&#8243; button_border_color_hover=&#8221;#ffdfb0&#8243;]<\/p>\n<p>&nbsp;<\/p>\n<p>[\/et_pb_button][\/et_pb_column][\/et_pb_row][et_pb_row disabled_on=&#8221;on|on|on&#8221; disabled=&#8221;on&#8221; background_position=&#8221;top_left&#8221; background_repeat=&#8221;repeat&#8221; background_size=&#8221;initial&#8221;][et_pb_column type=&#8221;4_4&#8243;][et_pb_code admin_label=&#8221;inscriptions 27 mars&#8221; _builder_version=&#8221;3.3.1&#8243;]&lt;iframe width=&#8221;900px&#8221; height= &#8220;900px&#8221; src= &#8220;https:\/\/forms.office.com\/Pages\/ResponsePage.aspx?id=Ktxskx69E02-iP8sVPcB1anZ5fLn8Z9PkKtR8DHQcfVUQkRNSUJUVElETlVPU0RWQ1hOUURKSEtONS4u&amp;embed=true&#8221; frameborder= &#8220;0&#8221; marginwidth= &#8220;0&#8221; marginheight= &#8220;0&#8221; style= &#8220;border: none; max-width:100%; max-height:100vh&#8221; allowfullscreen webkitallowfullscreen mozallowfullscreen msallowfullscreen&gt; &lt;\/iframe&gt;[\/et_pb_code][\/et_pb_column][\/et_pb_row][et_pb_row admin_label=&#8221;row&#8221; background_position=&#8221;top_left&#8221; background_repeat=&#8221;repeat&#8221; background_size=&#8221;initial&#8221; _builder_version=&#8221;3.3.1&#8243; background_position_1=&#8221;top_left&#8221; background_repeat_1=&#8221;no-repeat&#8221; make_fullwidth=&#8221;on&#8221; disabled_on=&#8221;off|off|off&#8221; disabled=&#8221;off&#8221;][et_pb_column type=&#8221;4_4&#8243;][et_pb_text admin_label=&#8221;questionnaire inscriptions&#8221; _builder_version=&#8221;3.3.1&#8243; border_style=&#8221;solid&#8221;]<\/p>\n<p><iframe loading=\"lazy\" style=\"border: none; max-width: 100%; max-height: 100vh;\" src=\"https:\/\/forms.office.com\/Pages\/ResponsePage.aspx?id=Ktxskx69E02-iP8sVPcB1anZ5fLn8Z9PkKtR8DHQcfVUNUQ4TzdQWDFSRU9QQzFOUjc3U0pWUUw5Uy4u&amp;embed=true\" width=\"1200px\" height=\"480px\" frameborder=\"0\" marginwidth=\"0\" marginheight=\"0\" allowfullscreen=\"allowfullscreen\"> <\/iframe><\/p>\n<p>[\/et_pb_text][\/et_pb_column][\/et_pb_row][et_pb_row][et_pb_column type=&#8221;4_4&#8243;][et_pb_text admin_label=&#8221;mentions l\u00e9gales&#8221; _builder_version=&#8221;3.12.2&#8243;]<\/p>\n<h3 style=\"text-align: center;\">Informatique et libert\u00e9s<\/h3>\n<p>Conform\u00e9ment \u00e0 la loi &#8220;Informatique et libert\u00e9s&#8221; du 6 janvier 1978 modifi\u00e9e par la loi du 6 ao\u00fbt 2004, vous disposez d&#8217;un droit d&#8217;acc\u00e8s, de rectification et d&#8217;opposition aux informations qui vous concernent. Si vous souhaitez exercer ce droit et obtenir communication des informations vous concernant, veuillez vous adresser par courrier postal ou par courriel \u00e0 :<\/p>\n<p>Ddec 22 &#8211; 1 rue Pierre et Marie Curie, Eleusis 1, 22190 PLERIN<br \/>\nT\u00e9l. 02.96.68.32.68 &#8211; Courriel : ddec22@enseignement-catholique.bzh<\/p>\n<p>[\/et_pb_text][\/et_pb_column][\/et_pb_row][et_pb_row _builder_version=&#8221;3.3.1&#8243; background_color=&#8221;#cbc7bb&#8221;][et_pb_column type=&#8221;1_2&#8243;][et_pb_text admin_label=&#8221;cloture&#8221; _builder_version=&#8221;3.0.91&#8243; background_color=&#8221;#474747&#8243; background_layout=&#8221;dark&#8221; ul_text_shadow_style=&#8221;preset2&#8243; custom_padding=&#8221;50px|50px|50px|50px&#8221; border_radii=&#8221;|20px|0px|20px|0px&#8221; box_shadow_style=&#8221;preset3&#8243; animation_style=&#8221;zoom&#8221; disabled_on=&#8221;on|on|on&#8221; disabled=&#8221;on&#8221;]<\/p>\n<h3 style=\"text-align: center;\">Les inscriptions sont closes<\/h3>\n<p>[\/et_pb_text][\/et_pb_column][et_pb_column type=&#8221;1_2&#8243;][et_pb_image _builder_version=&#8221;3.3.1&#8243; src=&#8221;http:\/\/www.ddec22.asso.fr\/lenumerique\/wp-content\/uploads\/2017\/02\/iphonePied1.jpg&#8221; \/][\/et_pb_column][\/et_pb_row][\/et_pb_section]<\/p>\n","protected":false},"excerpt":{"rendered":"<p>Produire des images num\u00e9riques pour mieux les comprendre &nbsp; <div class=\"et_pb_row et_pb_row_0 et_pb_row_empty\">\n\t\t\t\t\n\t\t\t\t\n\t\t\t\t\n\t\t\t\t\n\t\t\t\t\n\t\t\t<\/div> Informatique et libert\u00e9s Conform\u00e9ment \u00e0 la loi &#8220;Informatique et libert\u00e9s&#8221; du 6 janvier 1978 modifi\u00e9e par la loi du 6 ao\u00fbt 2004, vous disposez d&#8217;un droit d&#8217;acc\u00e8s, de rectification et d&#8217;opposition aux informations qui vous concernent. Si vous souhaitez exercer ce droit et obtenir communication [&hellip;]<\/p>\n","protected":false},"author":1,"featured_media":0,"parent":51031,"menu_order":0,"comment_status":"closed","ping_status":"closed","template":"page-template-blank.php","meta":{"_et_pb_use_builder":"on","_et_pb_old_content":"<p><iframe style=\"border: none; max-width: 100%; max-height: 100vh;\" src=\"https:\/\/forms.office.com\/Pages\/ResponsePage.aspx?id=Ktxskx69E02-iP8sVPcB1anZ5fLn8Z9PkKtR8DHQcfVUQ0hWVk5GUlc0UFJXWjZGNTNKUVE2NURVMy4u&embed=true\" width=\"640px\" height=\"480px\" frameborder=\"0\" marginwidth=\"0\" marginheight=\"0\" allowfullscreen=\"allowfullscreen\"> <\/iframe><\/p>","_et_gb_content_width":"","footnotes":""},"class_list":["post-891","page","type-page","status-publish","hentry"],"_links":{"self":[{"href":"http:\/\/www.ddec22.asso.fr\/lenumerique\/wp-json\/wp\/v2\/pages\/891","targetHints":{"allow":["GET"]}}],"collection":[{"href":"http:\/\/www.ddec22.asso.fr\/lenumerique\/wp-json\/wp\/v2\/pages"}],"about":[{"href":"http:\/\/www.ddec22.asso.fr\/lenumerique\/wp-json\/wp\/v2\/types\/page"}],"author":[{"embeddable":true,"href":"http:\/\/www.ddec22.asso.fr\/lenumerique\/wp-json\/wp\/v2\/users\/1"}],"replies":[{"embeddable":true,"href":"http:\/\/www.ddec22.asso.fr\/lenumerique\/wp-json\/wp\/v2\/comments?post=891"}],"version-history":[{"count":0,"href":"http:\/\/www.ddec22.asso.fr\/lenumerique\/wp-json\/wp\/v2\/pages\/891\/revisions"}],"up":[{"embeddable":true,"href":"http:\/\/www.ddec22.asso.fr\/lenumerique\/wp-json\/wp\/v2\/pages\/51031"}],"wp:attachment":[{"href":"http:\/\/www.ddec22.asso.fr\/lenumerique\/wp-json\/wp\/v2\/media?parent=891"}],"curies":[{"name":"wp","href":"https:\/\/api.w.org\/{rel}","templated":true}]}}