{"id":51437,"date":"2018-11-30T11:59:59","date_gmt":"2018-11-30T10:59:59","guid":{"rendered":"http:\/\/www.ddec22.asso.fr\/lenumerique\/?page_id=51437"},"modified":"2018-12-03T21:01:52","modified_gmt":"2018-12-03T20:01:52","slug":"certification-open-badge","status":"publish","type":"page","link":"http:\/\/www.ddec22.asso.fr\/lenumerique\/moviemakers\/certification-open-badge\/","title":{"rendered":"Certification Open badge"},"content":{"rendered":"<p>[et_pb_section bb_built=&#8221;1&#8243; specialty=&#8221;off&#8221; next_background_color=&#8221;#cbc7bb&#8221; _builder_version=&#8221;3.9&#8243; background_color=&#8221;#807060&#8243; bottom_divider_style=&#8221;wave&#8221; bottom_divider_height=&#8221;99px&#8221; custom_padding=&#8221;||0px|&#8221;][et_pb_row make_fullwidth=&#8221;on&#8221; custom_padding=&#8221;|20px|0px|&#8221; padding_bottom_1=&#8221;0px&#8221; parallax_method_1=&#8221;off&#8221; _builder_version=&#8221;3.9&#8243; background_size=&#8221;initial&#8221; background_position=&#8221;top_left&#8221; background_repeat=&#8221;repeat&#8221; background_color=&#8221;#807060&#8243; module_alignment=&#8221;center&#8221; custom_margin=&#8221;||0px|&#8221;][et_pb_column type=&#8221;1_2&#8243;][et_pb_text admin_label=&#8221;Retour titre&#8221; _builder_version=&#8221;3.12.2&#8243;]<\/p>\n<h1><a href=\"http:\/\/www.ddec22.asso.fr\/lenumerique\/index.php\/moviemakers\/moviemakers2019\/\"><img loading=\"lazy\" decoding=\"async\" class=\"alignleft wp-image-51043 size-medium\" src=\"http:\/\/www.ddec22.asso.fr\/lenumerique\/wp-content\/uploads\/2018\/07\/logo-300x126.png\" alt=\"\" width=\"300\" height=\"126\" srcset=\"http:\/\/www.ddec22.asso.fr\/lenumerique\/wp-content\/uploads\/2018\/07\/logo-300x126.png 300w, http:\/\/www.ddec22.asso.fr\/lenumerique\/wp-content\/uploads\/2018\/07\/logo-768x323.png 768w, http:\/\/www.ddec22.asso.fr\/lenumerique\/wp-content\/uploads\/2018\/07\/logo-1024x431.png 1024w, http:\/\/www.ddec22.asso.fr\/lenumerique\/wp-content\/uploads\/2018\/07\/logo.png 1045w\" sizes=\"(max-width: 300px) 100vw, 300px\" \/><\/a>Produire des images num\u00e9riques pour mieux les comprendre<\/h1>\n<p>[\/et_pb_text][et_pb_button admin_label=&#8221;Bouton accueil&#8221; button_url=&#8221;http:\/\/www.ddec22.asso.fr\/lenumerique\/index.php\/moviemakers\/moviemakers2019\/&#8221; button_text=&#8221;Accueil&#8221; button_alignment=&#8221;center&#8221; _builder_version=&#8221;3.12.2&#8243; custom_button=&#8221;on&#8221; button_text_size=&#8221;18&#8243; button_text_color=&#8221;#000000&#8243; button_bg_color=&#8221;#ffdfb0&#8243; button_border_color=&#8221;#807060&#8243; button_border_radius=&#8221;12&#8243; button_icon=&#8221;%%204%%&#8221; button_icon_color=&#8221;#ffdfb0&#8243; button_text_color_hover=&#8221;#ffffff&#8221; button_bg_color_hover=&#8221;#807060&#8243; custom_margin=&#8221;0px||0px|&#8221; custom_padding=&#8221;0px||0px|&#8221; box_shadow_style=&#8221;preset1&#8243; button_border_color_hover=&#8221;#ffdfb0&#8243; button_icon_placement=&#8221;left&#8221;]<\/p>\n<p>&nbsp;<\/p>\n<p>[\/et_pb_button][\/et_pb_column][et_pb_column type=&#8221;1_4&#8243;][et_pb_code admin_label=&#8221;Code Badge&#8221; _builder_version=&#8221;3.12.2&#8243;]&lt;div style=&#8221;border:1px solid #d2d2d2;max-width:200px;margin-top:0;line-height:1.4;height:270px;margin-bottom:20px;&#8221;&gt;&lt;a href=https:\/\/openbadgepassport.com\/app\/badge\/info\/108262&gt;&lt;div style=&#8221;text-align: center; height: auto;&#8221;&gt;&lt;div style=&#8221;float:none;display:block;padding:0px;min-height:130px;min-width:130px;&#8221;&gt;&lt;img style=&#8221;height:130px;width:130px;margin-top:0px;padding:4px;&#8221; src=https:\/\/openbadgepassport.com\/file\/3\/0\/5\/8\/305872ab8c7ae9a864ed2eaf01204c011adac48e23027de4e544cff610866ff9.png \/&gt;&lt;\/div&gt;&lt;div&gt;&lt;div style=&#8221;font-family:Open Sans SemiBold;font-weight:600;line-height:1.2em;height: 2.4em;text-align: center;margin: 15px 0px 5px 0px;color: #dc5c10;font-size: 16px;overflow: hidden;&#8221;&gt;Sc\u00e9nariste-R\u00e9alisateur vid\u00e9o&lt;\/div&gt;&lt;div style=&#8221;color: #f4f1ed;padding-top: 3px;line-height: 1.2em;height: 2.8em;overflow-y: hidden;font-size: 12px;&#8221;&gt;Enseignement catholique des C\u00f4tes d&#8217;Armor&lt;\/div&gt;&lt;\/div&gt;&lt;\/div&gt;&lt;\/a&gt;&lt;\/div&gt;[\/et_pb_code][\/et_pb_column][et_pb_column type=&#8221;1_4&#8243;][et_pb_text _builder_version=&#8221;3.12.2&#8243;]<\/p>\n<h4 style=\"text-align: right;\">Open Badge valid\u00e9 par la direction de l&#8217;enseignement catholique des C\u00f4tes d&#8217;Armor<\/h4>\n<p>[\/et_pb_text][\/et_pb_column][\/et_pb_row][\/et_pb_section][et_pb_section bb_built=&#8221;1&#8243; _builder_version=&#8221;3.9&#8243; custom_padding=&#8221;|0px|0px|0px&#8221; background_color=&#8221;#cbc7bb&#8221; custom_margin=&#8221;|0px||0px&#8221; next_background_color=&#8221;#807060&#8243; prev_background_color=&#8221;#807060&#8243;][et_pb_row make_fullwidth=&#8221;on&#8221; custom_padding=&#8221;0px||0px|&#8221; padding_bottom_1=&#8221;0px&#8221; parallax_method_1=&#8221;off&#8221; parallax_method_2=&#8221;off&#8221; parallax_method_3=&#8221;off&#8221; _builder_version=&#8221;3.9&#8243; background_size=&#8221;initial&#8221; background_position=&#8221;top_left&#8221; background_repeat=&#8221;repeat&#8221; custom_margin=&#8221;0px||0px|&#8221; padding_top_1=&#8221;0px&#8221; padding_right_1=&#8221;0px&#8221; padding_left_1=&#8221;0px&#8221; padding_top_2=&#8221;0px&#8221; padding_right_2=&#8221;0px&#8221; padding_bottom_2=&#8221;0px&#8221; padding_left_2=&#8221;0px&#8221; padding_top_3=&#8221;0px&#8221; padding_left_3=&#8221;0px&#8221; background_color=&#8221;#cbc7bb&#8221;][et_pb_column type=&#8221;1_2&#8243;][et_pb_text admin_label=&#8221;Texte open badge&#8221; _builder_version=&#8221;3.12.2&#8243;]<\/p>\n<h2>Qu&#8217;est-ce qu&#8217;Open Badge ?<\/h2>\n<p>Open badge est un syst\u00e8me mondial de certification informel <a href=\"https:\/\/openbadges.org\/\" target=\"_blank\" rel=\"noopener\">https:\/\/openbadges.org\/<\/a> qui peut enrichir le CV avec des comp\u00e9tences hors domaines scolaires mais utiles dans le monde du travail. Ces comp\u00e9tences peuvent pr\u00e9senter un int\u00e9r\u00eat lors de l&#8217;orientation vers l&#8217;enseignement sup\u00e9rieur en \u00e9tant int\u00e9gr\u00e9es au dossier ParcoursSup.<\/p>\n<p>Pour obtenir le Badge Movie Makers, il faut poss\u00e9der un compte sur <strong>Open Badge Passport<\/strong> https:\/\/openbadgepassport.com\/<\/p>\n<p>[\/et_pb_text][et_pb_button admin_label=&#8221;Bouton Open badge passport&#8221; button_text=&#8221;Open Badge Passport&#8221; button_alignment=&#8221;right&#8221; _builder_version=&#8221;3.12.2&#8243; custom_button=&#8221;on&#8221; button_text_size=&#8221;18&#8243; button_text_color=&#8221;#000000&#8243; button_bg_color=&#8221;#ffdfb0&#8243; button_border_color=&#8221;#807060&#8243; button_border_radius=&#8221;12&#8243; button_icon=&#8221;%%204%%&#8221; button_icon_color=&#8221;#ffdfb0&#8243; button_text_color_hover=&#8221;#ffffff&#8221; button_bg_color_hover=&#8221;#807060&#8243; custom_margin=&#8221;0px||0px|&#8221; custom_padding=&#8221;0px||0px|&#8221; box_shadow_style=&#8221;preset1&#8243; button_border_color_hover=&#8221;#ffdfb0&#8243; button_url=&#8221;https:\/\/openbadgepassport.com\/&#8221;]<\/p>\n<p>&nbsp;<\/p>\n<p>[\/et_pb_button][\/et_pb_column][et_pb_column type=&#8221;1_2&#8243;][et_pb_text admin_label=&#8221;Texte open badge 2&#8243; _builder_version=&#8221;3.12.2&#8243; custom_margin=&#8221;30px|||&#8221;]<\/p>\n<p>Les badges obtenus sont d\u00e9pos\u00e9s sur le compte Open Badge Passport. A partir de cette plateforme mondiale ils peuvent \u00eatre affich\u00e9s sur les r\u00e9seaux sociaux, les blogs, sur un cv num\u00e9rique. Il sont \u00e0 disposition plus tard sur le compte Open Badge Passport \u00e0 tous moments.<\/p>\n<p>[\/et_pb_text][et_pb_text admin_label=&#8221;intro open badge&#8221; _builder_version=&#8221;3.12.2&#8243; border_radii=&#8221;on|5px|5px|5px|5px&#8221; border_width_all=&#8221;3px&#8221; custom_padding=&#8221;20px|20px|20px|20px&#8221; border_style_all=&#8221;dotted&#8221; box_shadow_style=&#8221;preset2&#8243; animation_style=&#8221;fade&#8221;]<\/p>\n<h4>Votre participation au dispositif Movie Makers va vous permettre d&#8217;obtenir un Open badge de sc\u00e9nariste-r\u00e9alisateur vid\u00e9o pour enrichir votre cv. Il faudra respecter les conditions d&#8217;attribution d\u00e9finies par le badge.<\/h4>\n<h4 style=\"text-align: center;\"><a href=\"https:\/\/openbadgepassport.com\/app\/badge\/info\/108262\" target=\"_blank\" rel=\"noopener\"><span style=\"color: #ff0000;\">Voir les conditions d&#8217;obtentions<\/span><\/a><\/h4>\n<p>[\/et_pb_text][\/et_pb_column][\/et_pb_row][et_pb_row][et_pb_column type=&#8221;1_2&#8243;][et_pb_text admin_label=&#8221;Titre explication open badge&#8221; _builder_version=&#8221;3.12.2&#8243;]<\/p>\n<h3>Description du dispositif Open Badge<\/h3>\n<p>[\/et_pb_text][et_pb_code admin_label=&#8221;Qu&#8217;est ce que open badge ?&#8221; _builder_version=&#8221;3.12.2&#8243;]&lt;iframe width=&#8221;560&#8243; height=&#8221;315&#8243; src=&#8221;https:\/\/www.youtube.com\/embed\/oACpeW6NA-o&#8221; frameborder=&#8221;0&#8243; allow=&#8221;accelerometer; autoplay; encrypted-media; gyroscope; picture-in-picture&#8221; allowfullscreen&gt;&lt;\/iframe&gt;[\/et_pb_code][\/et_pb_column][et_pb_column type=&#8221;1_2&#8243;][et_pb_text admin_label=&#8221;Titre partage badges&#8221; _builder_version=&#8221;3.12.2&#8243;]<\/p>\n<h3>Diffuser ses badges et les exposer<\/h3>\n<p>[\/et_pb_text][et_pb_code admin_label=&#8221;Video partager ses badges&#8221; _builder_version=&#8221;3.12.2&#8243;]&lt;iframe width=&#8221;560&#8243; height=&#8221;315&#8243; src=&#8221;https:\/\/www.youtube.com\/embed\/xJNj3WwPqqY&#8221; frameborder=&#8221;0&#8243; allow=&#8221;accelerometer; autoplay; encrypted-media; gyroscope; picture-in-picture&#8221; allowfullscreen&gt;&lt;\/iframe&gt;[\/et_pb_code][et_pb_image admin_label=&#8221;Logo ddec&#8221; _builder_version=&#8221;3.12.2&#8243; src=&#8221;http:\/\/www.ddec22.asso.fr\/lenumerique\/wp-content\/uploads\/2018\/03\/Logo_22_Twitter.png&#8221; \/][\/et_pb_column][\/et_pb_row][\/et_pb_section][et_pb_section bb_built=&#8221;1&#8243; specialty=&#8221;off&#8221; prev_background_color=&#8221;#cbc7bb&#8221; _builder_version=&#8221;3.9&#8243; background_color=&#8221;#807060&#8243;][et_pb_row _builder_version=&#8221;3.3.1&#8243; make_fullwidth=&#8221;on&#8221; custom_padding=&#8221;0px||0px|&#8221; background_color=&#8221;#807060&#8243;][et_pb_column type=&#8221;1_2&#8243;][et_pb_text admin_label=&#8221;Contact&#8221; background_layout=&#8221;dark&#8221; _builder_version=&#8221;3.12.2&#8243; background_color=&#8221;#807060&#8243; custom_padding=&#8221;10px|10px|10px|10px&#8221; border_style=&#8221;solid&#8221; custom_margin=&#8221;|0px||0px&#8221;]<\/p>\n<p><strong>Informations, contact :<\/strong><\/p>\n<p><strong>alain.larhant@enseignement-catholique.bzh<\/strong><\/p>\n<p>[\/et_pb_text][\/et_pb_column][et_pb_column type=&#8221;1_2&#8243;][et_pb_text admin_label=&#8221;Twitter&#8221; _builder_version=&#8221;3.12.2&#8243; custom_margin=&#8221;20px|||&#8221;]<\/p>\n<p><a href=\"https:\/\/twitter.com\/ddec22\"><img loading=\"lazy\" decoding=\"async\" class=\"alignnone wp-image-51291\" src=\"http:\/\/www.ddec22.asso.fr\/lenumerique\/wp-content\/uploads\/2018\/07\/tweetJaune.png\" alt=\"\" width=\"67\" height=\"55\" \/><\/a><span style=\"color: #ffffff;\"><strong><a style=\"color: #ffffff;\" href=\"https:\/\/twitter.com\/ddec22\">Suivez-nous<\/a><\/strong><\/span><\/p>\n<p>[\/et_pb_text][\/et_pb_column][\/et_pb_row][\/et_pb_section]<\/p>\n","protected":false},"excerpt":{"rendered":"<p>Produire des images num\u00e9riques pour mieux les comprendre &nbsp; Open Badge valid\u00e9 par la direction de l&#8217;enseignement catholique des C\u00f4tes d&#8217;Armor Qu&#8217;est-ce qu&#8217;Open Badge ? Open badge est un syst\u00e8me mondial de certification informel https:\/\/openbadges.org\/ qui peut enrichir le CV avec des comp\u00e9tences hors domaines scolaires mais utiles dans le monde du travail. Ces comp\u00e9tences [&hellip;]<\/p>\n","protected":false},"author":1,"featured_media":0,"parent":445,"menu_order":0,"comment_status":"closed","ping_status":"closed","template":"page-template-blank.php","meta":{"_et_pb_use_builder":"on","_et_pb_old_content":"","_et_gb_content_width":"","footnotes":""},"class_list":["post-51437","page","type-page","status-publish","hentry"],"_links":{"self":[{"href":"http:\/\/www.ddec22.asso.fr\/lenumerique\/wp-json\/wp\/v2\/pages\/51437","targetHints":{"allow":["GET"]}}],"collection":[{"href":"http:\/\/www.ddec22.asso.fr\/lenumerique\/wp-json\/wp\/v2\/pages"}],"about":[{"href":"http:\/\/www.ddec22.asso.fr\/lenumerique\/wp-json\/wp\/v2\/types\/page"}],"author":[{"embeddable":true,"href":"http:\/\/www.ddec22.asso.fr\/lenumerique\/wp-json\/wp\/v2\/users\/1"}],"replies":[{"embeddable":true,"href":"http:\/\/www.ddec22.asso.fr\/lenumerique\/wp-json\/wp\/v2\/comments?post=51437"}],"version-history":[{"count":0,"href":"http:\/\/www.ddec22.asso.fr\/lenumerique\/wp-json\/wp\/v2\/pages\/51437\/revisions"}],"up":[{"embeddable":true,"href":"http:\/\/www.ddec22.asso.fr\/lenumerique\/wp-json\/wp\/v2\/pages\/445"}],"wp:attachment":[{"href":"http:\/\/www.ddec22.asso.fr\/lenumerique\/wp-json\/wp\/v2\/media?parent=51437"}],"curies":[{"name":"wp","href":"https:\/\/api.w.org\/{rel}","templated":true}]}}