{"id":50615,"date":"2017-12-09T11:40:03","date_gmt":"2017-12-09T10:40:03","guid":{"rendered":"http:\/\/www.ddec22.asso.fr\/lenumerique\/?page_id=50615"},"modified":"2018-08-22T11:22:02","modified_gmt":"2018-08-22T09:22:02","slug":"conseils","status":"publish","type":"page","link":"http:\/\/www.ddec22.asso.fr\/lenumerique\/moviemakers\/moviemakers2019\/conseils\/","title":{"rendered":"Conseils"},"content":{"rendered":"<p>[et_pb_section bb_built=&#8221;1&#8243; _builder_version=&#8221;3.9&#8243; background_color=&#8221;#cbc7bb&#8221; next_background_color=&#8221;#fff9e9&#8243; top_divider_style=&#8221;wave&#8221; inner_shadow=&#8221;on&#8221; top_divider_height=&#8221;48px&#8221; bottom_divider_style=&#8221;wave&#8221; bottom_divider_height=&#8221;48px&#8221;][et_pb_row background_position=&#8221;top_left&#8221; background_repeat=&#8221;repeat&#8221; background_size=&#8221;initial&#8221; _builder_version=&#8221;3.3.1&#8243; make_fullwidth=&#8221;on&#8221; custom_padding=&#8221;20px||20px|&#8221;][et_pb_column type=&#8221;4_4&#8243;][et_pb_text admin_label=&#8221;Retour titre&#8221; _builder_version=&#8221;3.3.1&#8243; custom_margin=&#8221;||20px|&#8221; custom_padding=&#8221;||20px|&#8221;]<\/p>\n<h1><a href=\"http:\/\/www.ddec22.asso.fr\/lenumerique\/index.php\/moviemakers\/moviemakers2019\/\"><img loading=\"lazy\" decoding=\"async\" class=\"alignleft wp-image-51043 size-medium\" src=\"http:\/\/www.ddec22.asso.fr\/lenumerique\/wp-content\/uploads\/2018\/07\/logo-300x126.png\" alt=\"\" width=\"300\" height=\"126\" srcset=\"http:\/\/www.ddec22.asso.fr\/lenumerique\/wp-content\/uploads\/2018\/07\/logo-300x126.png 300w, http:\/\/www.ddec22.asso.fr\/lenumerique\/wp-content\/uploads\/2018\/07\/logo-768x323.png 768w, http:\/\/www.ddec22.asso.fr\/lenumerique\/wp-content\/uploads\/2018\/07\/logo-1024x431.png 1024w, http:\/\/www.ddec22.asso.fr\/lenumerique\/wp-content\/uploads\/2018\/07\/logo.png 1045w\" sizes=\"(max-width: 300px) 100vw, 300px\" \/><\/a>Produire des images num\u00e9riques pour mieux les comprendre<\/h1>\n<p>[\/et_pb_text][et_pb_button admin_label=&#8221;Bouton accueil&#8221; button_url=&#8221;http:\/\/www.ddec22.asso.fr\/lenumerique\/index.php\/moviemakers\/moviemakers2019\/&#8221; button_text=&#8221;Accueil&#8221; button_alignment=&#8221;left&#8221; _builder_version=&#8221;3.9&#8243; custom_button=&#8221;on&#8221; button_text_size=&#8221;18&#8243; button_text_color=&#8221;#000000&#8243; button_bg_color=&#8221;#ffdfb0&#8243; button_border_color=&#8221;#807060&#8243; button_border_radius=&#8221;12&#8243; button_icon=&#8221;%%204%%&#8221; button_icon_color=&#8221;#ffdfb0&#8243; button_text_color_hover=&#8221;#ffffff&#8221; button_bg_color_hover=&#8221;#807060&#8243; custom_margin=&#8221;0px||0px|&#8221; custom_padding=&#8221;0px||0px|&#8221; box_shadow_style=&#8221;preset1&#8243; button_border_color_hover=&#8221;#ffdfb0&#8243;]<\/p>\n<p>&nbsp;<\/p>\n<p>[\/et_pb_button][\/et_pb_column][\/et_pb_row][et_pb_row _builder_version=&#8221;3.3.1&#8243; make_fullwidth=&#8221;on&#8221;][et_pb_column type=&#8221;4_4&#8243;][et_pb_divider _builder_version=&#8221;3.3.1&#8243; color=&#8221;#ffffff&#8221; divider_weight=&#8221;2&#8243; \/][\/et_pb_column][\/et_pb_row][et_pb_row _builder_version=&#8221;3.0.91&#8243; make_fullwidth=&#8221;on&#8221; module_alignment=&#8221;center&#8221; custom_margin=&#8221;30px||0px|&#8221; custom_padding=&#8221;0px||0px|&#8221;][et_pb_column type=&#8221;1_2&#8243;][et_pb_text admin_label=&#8221;real1&#8243; _builder_version=&#8221;3.3.1&#8243;]<\/p>\n<h3>La r\u00e9alisation d\u2019un film entraine une suite d\u2019\u00e9tapes. Le montage final peut \u00eatre long, il est important de pr\u00e9voir un r\u00e9tro-planning.<span style=\"color: #ff0000;\"><br \/>\n<\/span><\/h3>\n<p>1 &#8211; Identifier une intention : que va dire le film ? Quel est notre sujet ?<\/p>\n<p>2 &#8211; \u00c9crire un sc\u00e9nario structur\u00e9 en s\u2019inspirant par exemple du <a href=\"https:\/\/www.assistancescolaire.com\/eleve\/2nde\/francais\/lexique\/S-schema-narratif-fx107\" target=\"_blank\" rel=\"noopener\">sch\u00e9ma narratif<\/a><\/p>\n<p>3 &#8211; Apr\u00e8s l\u2019\u00e9criture du sc\u00e9nario, il est possible de dessiner un storyboard : <span style=\"font-size: 10pt;\"><em>\u00ab\u00a0Le storyboard permet de d\u00e9finir un cadre, une intention, un mouvement, en d\u00e9terminant les principaux \u00e9l\u00e9ments et les actions qui composent chaque sc\u00e8ne. \u00e0 l&#8217;aide de commentaires et d&#8217;annotations, il permet de pr\u00e9ciser des d\u00e9tails sur une action, un mouvement ou un changement d&#8217;\u00e9tat avec des fl\u00e8ches ou des rep\u00e8res faciles comprendre\u00a0\u00bb<\/em><\/span>. Source :\u00a0 <a href=\"http:\/\/www.esma-artistique.com\/evenements\/actualites\/Qu-est-ce-qu-un-storyboard.html\" target=\"_blank\" rel=\"noopener\">Esma, \u00e9cole sup\u00e9rieure des m\u00e9tiers artistiques.<\/a><br \/>\nFaire un d\u00e9coupage temporel en plans et en s\u00e9quences, toujours en fonction de votre intention<\/p>\n<p>[\/et_pb_text][\/et_pb_column][et_pb_column type=&#8221;1_2&#8243;][et_pb_text admin_label=&#8221;real2&#8243; _builder_version=&#8221;3.3.1&#8243; text_text_color=&#8221;#807060&#8243;]<\/p>\n<p>4 &#8211; En fonction des contraintes techniques, spatiales ou temporelles, le sc\u00e9nario de d\u00e9part pourra \u00eatre ajust\u00e9, modifi\u00e9, pr\u00e9cis\u00e9.<\/p>\n<p>5 &#8211; Planifier le travail : faire un planning sur lequel figurent les dates de prises de vue, de montage, de livraison de film. Certaines t\u00e2ches seront r\u00e9alis\u00e9es au lyc\u00e9e, peut-\u00eatre en cours, d\u2019autres \u00e0 l\u2019ext\u00e9rieur et en dehors des cours. Il est important d\u2019anticiper pour respecter la date de livraison : 3 mars \u00e0 minuit.<\/p>\n<p>6 &#8211; R\u00e9partir les t\u00e2ches : qui va filmer ? qui va collecter du son suppl\u00e9mentaire (bruitages par exemple), qui va se charger de l\u2019\u00e9clairage \u00e9ventuellement, qui va finaliser le montage ? Qui va livrer le film ?<\/p>\n<p>7 &#8211; Ne pas oublier de donner un titre au film et de faire d\u00e9filer un g\u00e9n\u00e9rique \u00e0 la fin en nommant les auteurs et les acteurs \u00e9ventuels. Il peut y avoir aussi des remerciements. Le g\u00e9n\u00e9rique doit \u00eatre inclus dans les trois minutes du film.<\/p>\n<p>8 &#8211; Il peut \u00eatre int\u00e9ressant de garder trace de la d\u00e9marche dans un carnet de bord (\u00e9criture, storyboard, obstacles rencontr\u00e9s, questionnements) pour faciliter la pr\u00e9sentation orale du 20 avril.<\/p>\n<p>[\/et_pb_text][\/et_pb_column][\/et_pb_row][\/et_pb_section][et_pb_section bb_built=&#8221;1&#8243; specialty=&#8221;off&#8221; prev_background_color=&#8221;#cbc7bb&#8221; next_background_color=&#8221;#a0a0a0&#8243; _builder_version=&#8221;3.11.1&#8243; background_color=&#8221;#fff9e9&#8243;][et_pb_row _builder_version=&#8221;3.11.1&#8243; custom_padding=&#8221;0px||20px|&#8221; make_fullwidth=&#8221;on&#8221; background_color=&#8221;#fff9e9&#8243;][et_pb_column type=&#8221;1_2&#8243;][et_pb_text admin_label=&#8221;Titre rep\u00e8res&#8221; _builder_version=&#8221;3.9&#8243; custom_padding=&#8221;0px||0px|&#8221; text_text_color=&#8221;#ffdfb0&#8243;]<\/p>\n<h3><span style=\"color: #ff0000;\">Rep\u00e8res techniques et artistiques<\/span><\/h3>\n<p>[\/et_pb_text][et_pb_text admin_label=&#8221;rep\u00e8res1&#8243; _builder_version=&#8221;3.0.91&#8243; background_layout=&#8221;light&#8221;]<\/p>\n<h4>Les angles de prise de vue<\/h4>\n<p>Varier les angles de prises de vue en fonction de l\u2019intention : plong\u00e9e, contre-plong\u00e9e, au niveau du sol.<\/p>\n<h4>Le cadrage<\/h4>\n<p><strong>Filmer de pr\u00e9f\u00e9rence en format paysage<\/strong>. \u00c0 certains moments on peut \u00eatre tout pr\u00e8s du sujet (objet ou personne) \u00e0 filmer ; \u00e0 d\u2019autres moments, on peut \u00eatre \u00e9loign\u00e9 pour faire appara\u00eetre le contexte : un arri\u00e8re-plan, un premier plan.<\/p>\n<p>[\/et_pb_text][et_pb_text admin_label=&#8221;prises de vue&#8221; _builder_version=&#8221;3.3.1&#8243; custom_padding=&#8221;20px|20px|20px|20px&#8221; border_radii=&#8221;|30px|0px|30px|0px&#8221; border_width_all=&#8221;2px&#8221; box_shadow_style=&#8221;preset2&#8243; border_color_all=&#8221;#807060&#8243;]<\/p>\n<p>Toutes les techniques de prises de vue peuvent \u00eatre explor\u00e9es dans un souci artistique : le <strong>timelapse<\/strong> (photo prises \u00e0 intervalle r\u00e9gulier, voir ci-contre avec Brest 2012), le <strong>stopmotion<\/strong> pour r\u00e9aliser un film d\u2019animation par exemple, les plans <strong>acc\u00e9l\u00e9r\u00e9s<\/strong>, les <strong>ralentis<\/strong>\u2026<\/p>\n<p>[\/et_pb_text][et_pb_text _builder_version=&#8221;3.3.1&#8243; background_layout=&#8221;light&#8221;]<\/p>\n<h5>Autorisez-vous des cr\u00e9ations originales&#8230;<\/h5>\n<p>[\/et_pb_text][\/et_pb_column][et_pb_column type=&#8221;1_2&#8243;][et_pb_text admin_label=&#8221;rep\u00e8res2&#8243; _builder_version=&#8221;3.0.92&#8243; background_layout=&#8221;light&#8221;]<\/p>\n<h4>Les mouvements de cam\u00e9ra<\/h4>\n<p>La cam\u00e9ra peut approcher progressivement le sujet (travelling avant) ou s\u2019en \u00e9loigner progressivement (travelling arri\u00e8re). Elle peut balayer une sc\u00e8ne de gauche \u00e0 droite ou de droite \u00e0 gauche. Attention cependant, ces mouvements doivent \u00eatre limit\u00e9s sinon ils deviennent ennuyeux pour le spectateur. Les balayages trop rapides ne sont pas esth\u00e9tiques. Privil\u00e9gier les balayages lents.<br \/>\nLes plans fixes pr\u00e9sentent moins de risques : ils ne doivent pas \u00eatre trop longs. Certains durent seulement 3 \u00e0 4 secondes (cf films publicitaires). Ils donnent un rythme au film et maintiennent l\u2019attention du spectateur.<\/p>\n<p>[\/et_pb_text][et_pb_code admin_label=&#8221;video timelapse&#8221; _builder_version=&#8221;3.0.91&#8243;]&lt;iframe width=&#8221;560&#8243; height=&#8221;315&#8243; src=&#8221;https:\/\/www.youtube.com\/embed\/_05zNcZh1po&#8221; frameborder=&#8221;0&#8243; gesture=&#8221;media&#8221; allow=&#8221;encrypted-media&#8221; allowfullscreen&gt;&lt;\/iframe&gt;[\/et_pb_code][\/et_pb_column][\/et_pb_row][\/et_pb_section][et_pb_section bb_built=&#8221;1&#8243; fullwidth=&#8221;off&#8221; specialty=&#8221;off&#8221; _builder_version=&#8221;3.0.91&#8243; background_color=&#8221;#a0a0a0&#8243; prev_background_color=&#8221;#fff9e9&#8243;][et_pb_row _builder_version=&#8221;3.0.91&#8243; make_fullwidth=&#8221;on&#8221;][et_pb_column type=&#8221;1_2&#8243;][et_pb_text admin_label=&#8221;Titre interview&#8221; _builder_version=&#8221;3.0.91&#8243; background_layout=&#8221;light&#8221;]<\/p>\n<p style=\"text-align: center;\">Conseils pour filmer une interview<\/p>\n<p>[\/et_pb_text][et_pb_text admin_label=&#8221;tuto interview&#8221; _builder_version=&#8221;3.3.1&#8243;]<\/p>\n<iframe src=\"\/\/docs.google.com\/viewer?url=http%3A%2F%2Fwww.ddec22.asso.fr%2Flenumerique%2Fwp-content%2Fuploads%2F2017%2F12%2F6-tournage.pdf&hl=fr&embedded=true\" class=\"gde-frame\" style=\"width:100%; height:500px; border: none;\" scrolling=\"no\"><\/iframe>\n<p class=\"gde-text\"><a href=\"http:\/\/www.ddec22.asso.fr\/lenumerique\/wp-content\/uploads\/2017\/12\/6-tournage.pdf\" class=\"gde-link\">T\u00e9l\u00e9charger (PDF, 649KB)<\/a><\/p>\n<p>[\/et_pb_text][\/et_pb_column][et_pb_column type=&#8221;1_2&#8243;][et_pb_text admin_label=&#8221;Titre hors champ&#8221; _builder_version=&#8221;3.0.91&#8243; background_layout=&#8221;light&#8221;]<\/p>\n<p style=\"text-align: center;\">Jouer avec le <strong>hors-champ<\/strong><\/p>\n<p>[\/et_pb_text][et_pb_code admin_label=&#8221;video hors champ&#8221; _builder_version=&#8221;3.0.91&#8243;]&lt;iframe src=&#8221;\/\/ddec22.libcast.com\/widget\/horschamp&#8221; class=&#8221;libcast_player&#8221; width=&#8221;640&#8243; height=&#8221;360&#8243; frameborder=&#8221;0&#8243; scrolling=&#8221;no&#8221; allowfullscreen&gt;&lt;\/iframe&gt;[\/et_pb_code][et_pb_code admin_label=&#8221;video \u00e9criture reportage&#8221; _builder_version=&#8221;3.0.91&#8243; disabled_on=&#8221;off|off|off&#8221; disabled=&#8221;off&#8221;]&lt;iframe width=&#8221;560&#8243; height=&#8221;315&#8243; src=&#8221;https:\/\/www.youtube.com\/embed\/snpoRPLx2_E&#8221; frameborder=&#8221;0&#8243; gesture=&#8221;media&#8221; allow=&#8221;encrypted-media&#8221; allowfullscreen&gt;&lt;\/iframe&gt;[\/et_pb_code][\/et_pb_column][\/et_pb_row][\/et_pb_section]<\/p>\n","protected":false},"excerpt":{"rendered":"<p>Produire des images num\u00e9riques pour mieux les comprendre &nbsp; La r\u00e9alisation d\u2019un film entraine une suite d\u2019\u00e9tapes. Le montage final peut \u00eatre long, il est important de pr\u00e9voir un r\u00e9tro-planning. 1 &#8211; Identifier une intention : que va dire le film ? Quel est notre sujet ? 2 &#8211; \u00c9crire un sc\u00e9nario structur\u00e9 en s\u2019inspirant [&hellip;]<\/p>\n","protected":false},"author":1,"featured_media":0,"parent":51031,"menu_order":0,"comment_status":"closed","ping_status":"closed","template":"page-template-blank.php","meta":{"_et_pb_use_builder":"on","_et_pb_old_content":"","_et_gb_content_width":"","footnotes":""},"class_list":["post-50615","page","type-page","status-publish","hentry"],"_links":{"self":[{"href":"http:\/\/www.ddec22.asso.fr\/lenumerique\/wp-json\/wp\/v2\/pages\/50615","targetHints":{"allow":["GET"]}}],"collection":[{"href":"http:\/\/www.ddec22.asso.fr\/lenumerique\/wp-json\/wp\/v2\/pages"}],"about":[{"href":"http:\/\/www.ddec22.asso.fr\/lenumerique\/wp-json\/wp\/v2\/types\/page"}],"author":[{"embeddable":true,"href":"http:\/\/www.ddec22.asso.fr\/lenumerique\/wp-json\/wp\/v2\/users\/1"}],"replies":[{"embeddable":true,"href":"http:\/\/www.ddec22.asso.fr\/lenumerique\/wp-json\/wp\/v2\/comments?post=50615"}],"version-history":[{"count":0,"href":"http:\/\/www.ddec22.asso.fr\/lenumerique\/wp-json\/wp\/v2\/pages\/50615\/revisions"}],"up":[{"embeddable":true,"href":"http:\/\/www.ddec22.asso.fr\/lenumerique\/wp-json\/wp\/v2\/pages\/51031"}],"wp:attachment":[{"href":"http:\/\/www.ddec22.asso.fr\/lenumerique\/wp-json\/wp\/v2\/media?parent=50615"}],"curies":[{"name":"wp","href":"https:\/\/api.w.org\/{rel}","templated":true}]}}