{"id":1104,"date":"2017-11-27T19:33:17","date_gmt":"2017-11-27T18:33:17","guid":{"rendered":"http:\/\/www.ddec22.asso.fr\/lenumerique\/?page_id=1104"},"modified":"2018-08-22T12:27:18","modified_gmt":"2018-08-22T10:27:18","slug":"ressources","status":"publish","type":"page","link":"http:\/\/www.ddec22.asso.fr\/lenumerique\/moviemakers\/ressources\/","title":{"rendered":"Ressources"},"content":{"rendered":"<p>[et_pb_section bb_built=&#8221;1&#8243; _builder_version=&#8221;3.9&#8243; next_background_color=&#8221;#cbc7bb&#8221; background_color=&#8221;#807060&#8243; bottom_divider_style=&#8221;wave&#8221;][et_pb_row _builder_version=&#8221;3.9&#8243; background_size=&#8221;initial&#8221; background_position=&#8221;top_left&#8221; background_repeat=&#8221;repeat&#8221;][et_pb_column type=&#8221;4_4&#8243;][et_pb_text admin_label=&#8221;Retour titre&#8221; _builder_version=&#8221;3.3.1&#8243;]<\/p>\n<h1><a href=\"http:\/\/www.ddec22.asso.fr\/lenumerique\/index.php\/moviemakers\/moviemakers2019\/\"><img loading=\"lazy\" decoding=\"async\" class=\"alignleft wp-image-51043 size-medium\" src=\"http:\/\/www.ddec22.asso.fr\/lenumerique\/wp-content\/uploads\/2018\/07\/logo-300x126.png\" alt=\"\" width=\"300\" height=\"126\" srcset=\"http:\/\/www.ddec22.asso.fr\/lenumerique\/wp-content\/uploads\/2018\/07\/logo-300x126.png 300w, http:\/\/www.ddec22.asso.fr\/lenumerique\/wp-content\/uploads\/2018\/07\/logo-768x323.png 768w, http:\/\/www.ddec22.asso.fr\/lenumerique\/wp-content\/uploads\/2018\/07\/logo-1024x431.png 1024w, http:\/\/www.ddec22.asso.fr\/lenumerique\/wp-content\/uploads\/2018\/07\/logo.png 1045w\" sizes=\"(max-width: 300px) 100vw, 300px\" \/><\/a>Produire des images num\u00e9riques pour mieux les comprendre<\/h1>\n<p>[\/et_pb_text][et_pb_button admin_label=&#8221;Bouton accueil&#8221; button_url=&#8221;http:\/\/www.ddec22.asso.fr\/lenumerique\/index.php\/moviemakers\/moviemakers2019\/&#8221; button_text=&#8221;Accueil&#8221; button_alignment=&#8221;left&#8221; _builder_version=&#8221;3.9&#8243; custom_button=&#8221;on&#8221; button_text_size=&#8221;18&#8243; button_text_color=&#8221;#000000&#8243; button_bg_color=&#8221;#ffdfb0&#8243; button_border_color=&#8221;#807060&#8243; button_border_radius=&#8221;12&#8243; button_icon=&#8221;%%204%%&#8221; button_icon_color=&#8221;#ffdfb0&#8243; button_text_color_hover=&#8221;#ffffff&#8221; button_bg_color_hover=&#8221;#807060&#8243; custom_margin=&#8221;0px||0px|&#8221; custom_padding=&#8221;0px||0px|&#8221; box_shadow_style=&#8221;preset1&#8243; button_border_color_hover=&#8221;#ffdfb0&#8243;]<\/p>\n<p>&nbsp;<\/p>\n<p>[\/et_pb_button][\/et_pb_column][\/et_pb_row][\/et_pb_section][et_pb_section bb_built=&#8221;1&#8243; _builder_version=&#8221;3.9&#8243; background_color=&#8221;#cbc7bb&#8221; custom_margin=&#8221;0px||0px|&#8221; custom_padding=&#8221;0px||0px|&#8221; prev_background_color=&#8221;#807060&#8243; next_background_color=&#8221;#ffffff&#8221;][et_pb_row _builder_version=&#8221;3.9&#8243; background_color=&#8221;#cbc7bb&#8221; custom_padding=&#8221;30px||30px|&#8221; disabled_on=&#8221;on|on|on&#8221; disabled=&#8221;on&#8221;][et_pb_column type=&#8221;1_2&#8243;][et_pb_text admin_label=&#8221;autorisations&#8221; _builder_version=&#8221;3.9&#8243; background_color=&#8221;#807060&#8243; background_layout=&#8221;dark&#8221; custom_padding=&#8221;30px|30px|30px|30px&#8221;]<\/p>\n<h3><span style=\"color: #ffffff;\">Formulaires t\u00e9l\u00e9chargeables pour l&#8217;autorisation de captation : ima<\/span><span style=\"color: #ffffff;\">ge et voix<\/span><\/h3>\n<ul>\n<li><strong><span style=\"color: #ffffff;\"><a style=\"color: #ffffff;\" href=\"http:\/\/www.ddec22.asso.fr\/lenumerique\/wp-content\/uploads\/2017\/11\/Autorisation-captation-image-Mineur.docx\" target=\"_blank\" rel=\"noopener\">Personnes mineures<\/a><\/span><\/strong><\/li>\n<li><strong><span style=\"color: #ffffff;\"><a style=\"color: #ffffff;\" href=\"http:\/\/www.ddec22.asso.fr\/lenumerique\/wp-content\/uploads\/2017\/11\/Autorisation-captation-image-Majeur.docx\" target=\"_blank\" rel=\"noopener\">Personnes majeures<\/a><\/span><\/strong><\/li>\n<\/ul>\n<p>[\/et_pb_text][et_pb_text admin_label=&#8221;applications audio&#8221; _builder_version=&#8221;3.9&#8243; background_color=&#8221;#807060&#8243; background_layout=&#8221;dark&#8221; custom_padding=&#8221;30px|30px|30px|30px&#8221;]<\/p>\n<h3>Liste d&#8217;applications pour le son (Tablettes et smartphone)<\/h3>\n<ul>\n<li>Walkband : montage audio (Android).<\/li>\n<li>Garageband : montage audio (iOs).<\/li>\n<li>Launchpad : composer soi-m\u00eame tr\u00e8s rapidement &#8216;android et iOs)<\/li>\n<\/ul>\n<h3><\/h3>\n<h3>Logiciels de montage pour le son (ordinateur)<\/h3>\n<ul>\n<li><strong><span style=\"color: #ffffff;\"><a style=\"color: #ffffff;\" href=\"https:\/\/audacity.fr\/\" target=\"_blank\" rel=\"noopener\">Audacity<\/a> :<\/span><\/strong> logiciel libre et gratuit de montage audio (pc et Mac). Voir les tutoriels ci-dessous.<\/li>\n<li>GarageBand : logiciel pour Mac uniquement.<\/li>\n<\/ul>\n<h3><\/h3>\n<h3>Sitographie pour t\u00e9l\u00e9charger des sons libres de droits<\/h3>\n<ul>\n<li><strong><span style=\"color: #ffffff;\"><a style=\"color: #ffffff;\" href=\"http:\/\/www.universal-soundbank.com\/\" target=\"_blank\" rel=\"noopener\">Soundbank<\/a><\/span><\/strong><span style=\"color: #ffffff;\">: sons et rythmes libres de droits.<\/span><\/li>\n<li><strong><span style=\"color: #ffffff;\"><a style=\"color: #ffffff;\" href=\"http:\/\/lasonotheque.org\/\" target=\"_blank\" rel=\"noopener\">La sonoth\u00e8que<\/a> :<\/span><\/strong><span style=\"color: #ffffff;\"> banque de sons et bruitages libres d<\/span><strong><span style=\"color: #ffffff;\">e droits.<\/span><\/strong><\/li>\n<li><strong><span style=\"color: #ffffff;\"><a style=\"color: #ffffff;\" href=\"https:\/\/www.auboutdufil.com\" target=\"_blank\" rel=\"noopener\">Auboutdufil<\/a><\/span><\/strong><span style=\"color: #ffffff;\">: site de t\u00e9l\u00e9chargement de musiques libres de dr<\/span><strong><span style=\"color: #ffffff;\">oits. diffusion possible dans vos vid\u00e9os.<\/span><\/strong><\/li>\n<li><strong><span style=\"color: #ffffff;\"><a style=\"color: #ffffff;\" href=\"https:\/\/www.youtube.com\/audiolibrary\/music\" target=\"_blank\" rel=\"noopener\">Youtube<\/a> :<\/span> <\/strong>propose une liste de musiques libres de droits ainsi qu&#8217;un catalogue de bruitages et d&#8217;effets sonores t\u00e9l\u00e9chargeables.<\/li>\n<\/ul>\n<p>[\/et_pb_text][\/et_pb_column][et_pb_column type=&#8221;1_2&#8243;][et_pb_text admin_label=&#8221;applications image&#8221; _builder_version=&#8221;3.9&#8243; background_color=&#8221;#807060&#8243; background_layout=&#8221;dark&#8221; custom_padding=&#8221;30px|30px|30px|30px&#8221;]<\/p>\n<h3>Liste d&#8217;applications sur tablette et smartphone pour la vid\u00e9o<\/h3>\n<ul>\n<li>iMovie : montage vid\u00e9o (iOS)<\/li>\n<li>iStopmotion : logiciel sp\u00e9cialis\u00e9 dans le film d&#8217;animation (payant)<\/li>\n<li>iMotion : faire des films d&#8217;animation et du timelapse\u00a0 (Android et iOS)<\/li>\n<li>PowerDirector : montage vid\u00e9o (Android)<\/li>\n<\/ul>\n<h3><\/h3>\n<h3>Liste de logiciels pour le montage vid\u00e9o sur ordinateur<\/h3>\n<ul>\n<li>iMovie : Mac<\/li>\n<li>Movie Maker : PC<\/li>\n<li>VSDC : PC<\/li>\n<\/ul>\n<p>[\/et_pb_text][\/et_pb_column][\/et_pb_row][et_pb_row _builder_version=&#8221;3.11.1&#8243; background_color=&#8221;#cbc7bb&#8221; background_color_1=&#8221;#cbc7bb&#8221; make_fullwidth=&#8221;on&#8221;][et_pb_column type=&#8221;4_4&#8243;][et_pb_tabs _builder_version=&#8221;3.11.1&#8243; background_color=&#8221;#cbc7bb&#8221; active_tab_background_color=&#8221;#cbc7bb&#8221; inactive_tab_background_color=&#8221;#807060&#8243; border_width_all=&#8221;3px&#8221; tab_text_color=&#8221;#ffffff&#8221; tab_font=&#8221;|300|||||||&#8221; border_style_all=&#8221;groove&#8221; tab_font_size=&#8221;20&#8243; tab_line_height=&#8221;1.9em&#8221; body_font_size=&#8221;17&#8243;][et_pb_tab _builder_version=&#8221;3.11.1&#8243; title=&#8221;Autorisations de captation&#8221; use_background_color_gradient=&#8221;off&#8221; background_color_gradient_start=&#8221;#2b87da&#8221; background_color_gradient_end=&#8221;#29c4a9&#8243; background_color_gradient_type=&#8221;linear&#8221; background_color_gradient_direction=&#8221;180deg&#8221; background_color_gradient_direction_radial=&#8221;center&#8221; background_color_gradient_start_position=&#8221;0%&#8221; background_color_gradient_end_position=&#8221;100%&#8221; background_color_gradient_overlays_image=&#8221;off&#8221; parallax=&#8221;off&#8221; parallax_method=&#8221;on&#8221; background_size=&#8221;cover&#8221; background_position=&#8221;center&#8221; background_repeat=&#8221;no-repeat&#8221; background_blend=&#8221;normal&#8221; allow_player_pause=&#8221;off&#8221; background_video_pause_outside_viewport=&#8221;on&#8221; tab_text_shadow_style=&#8221;none&#8221; body_text_shadow_style=&#8221;none&#8221; background_color=&#8221;#cbc7bb&#8221; tab_text_shadow_horizontal_length=&#8221;0em&#8221; tab_text_shadow_vertical_length=&#8221;0em&#8221; tab_text_shadow_blur_strength=&#8221;0em&#8221; body_text_shadow_horizontal_length=&#8221;0em&#8221; body_text_shadow_vertical_length=&#8221;0em&#8221; body_text_shadow_blur_strength=&#8221;0em&#8221;]<\/p>\n<h3>Autorisations de captation de l&#8217;image et de la voix<\/h3>\n<ul>\n<li><a href=\"http:\/\/www.ddec22.asso.fr\/lenumerique\/wp-content\/uploads\/2017\/11\/Autorisation-captation-image-Mineur.docx\" target=\"_blank\" rel=\"noopener\">Personnes mineures<\/a><\/li>\n<li><a href=\"http:\/\/www.ddec22.asso.fr\/lenumerique\/wp-content\/uploads\/2017\/11\/Autorisation-captation-image-Majeur.docx\" target=\"_blank\" rel=\"noopener\">Personnes majeures<\/a><\/li>\n<\/ul>\n<p>&nbsp;<\/p>\n<p>[\/et_pb_tab][et_pb_tab _builder_version=&#8221;3.11.1&#8243; title=&#8221;Applications pour le son&#8221; use_background_color_gradient=&#8221;off&#8221; background_color_gradient_start=&#8221;#2b87da&#8221; background_color_gradient_end=&#8221;#29c4a9&#8243; background_color_gradient_type=&#8221;linear&#8221; background_color_gradient_direction=&#8221;180deg&#8221; background_color_gradient_direction_radial=&#8221;center&#8221; background_color_gradient_start_position=&#8221;0%&#8221; background_color_gradient_end_position=&#8221;100%&#8221; background_color_gradient_overlays_image=&#8221;off&#8221; parallax=&#8221;off&#8221; parallax_method=&#8221;on&#8221; background_size=&#8221;cover&#8221; background_position=&#8221;center&#8221; background_repeat=&#8221;no-repeat&#8221; background_blend=&#8221;normal&#8221; allow_player_pause=&#8221;off&#8221; background_video_pause_outside_viewport=&#8221;on&#8221; tab_text_shadow_style=&#8221;none&#8221; body_text_shadow_style=&#8221;none&#8221;]<\/p>\n<ul>\n<li>Walkband : montage audio (Android).<\/li>\n<li>Garageband : montage audio (iOs).<\/li>\n<li>Launchpad : composer soi-m\u00eame tr\u00e8s rapidement \u2018android et iOs)<\/li>\n<\/ul>\n<p>[\/et_pb_tab][et_pb_tab _builder_version=&#8221;3.11.1&#8243; title=&#8221;Montage du son (pc et Mac)&#8221; use_background_color_gradient=&#8221;off&#8221; background_color_gradient_start=&#8221;#2b87da&#8221; background_color_gradient_end=&#8221;#29c4a9&#8243; background_color_gradient_type=&#8221;linear&#8221; background_color_gradient_direction=&#8221;180deg&#8221; background_color_gradient_direction_radial=&#8221;center&#8221; background_color_gradient_start_position=&#8221;0%&#8221; background_color_gradient_end_position=&#8221;100%&#8221; background_color_gradient_overlays_image=&#8221;off&#8221; parallax=&#8221;off&#8221; parallax_method=&#8221;on&#8221; background_size=&#8221;cover&#8221; background_position=&#8221;center&#8221; background_repeat=&#8221;no-repeat&#8221; background_blend=&#8221;normal&#8221; allow_player_pause=&#8221;off&#8221; background_video_pause_outside_viewport=&#8221;on&#8221; tab_text_shadow_style=&#8221;none&#8221; body_text_shadow_style=&#8221;none&#8221;]<\/p>\n<ul>\n<li><strong><a href=\"https:\/\/audacity.fr\/\" target=\"_blank\" rel=\"noopener\">Audacity<\/a> :<\/strong> logiciel libre et gratuit de montage audio (pc et Mac). Voir les tutoriels ci-dessous.<\/li>\n<li>GarageBand : logiciel pour Mac uniquement.<\/li>\n<\/ul>\n<p>[\/et_pb_tab][et_pb_tab _builder_version=&#8221;3.11.1&#8243; title=&#8221;Sons libres de droit&#8221; use_background_color_gradient=&#8221;off&#8221; background_color_gradient_start=&#8221;#2b87da&#8221; background_color_gradient_end=&#8221;#29c4a9&#8243; background_color_gradient_type=&#8221;linear&#8221; background_color_gradient_direction=&#8221;180deg&#8221; background_color_gradient_direction_radial=&#8221;center&#8221; background_color_gradient_start_position=&#8221;0%&#8221; background_color_gradient_end_position=&#8221;100%&#8221; background_color_gradient_overlays_image=&#8221;off&#8221; parallax=&#8221;off&#8221; parallax_method=&#8221;on&#8221; background_size=&#8221;cover&#8221; background_position=&#8221;center&#8221; background_repeat=&#8221;no-repeat&#8221; background_blend=&#8221;normal&#8221; allow_player_pause=&#8221;off&#8221; background_video_pause_outside_viewport=&#8221;on&#8221; tab_text_shadow_style=&#8221;none&#8221; body_text_shadow_style=&#8221;none&#8221;]<\/p>\n<ul>\n<li><strong><a href=\"http:\/\/www.universal-soundbank.com\/\" target=\"_blank\" rel=\"noopener\">Soundbank<\/a><\/strong>: sons et rythmes libres de droits.<\/li>\n<li><strong><a href=\"http:\/\/lasonotheque.org\/\" target=\"_blank\" rel=\"noopener\">La sonoth\u00e8que<\/a> :<\/strong> banque de sons et bruitages libres d<strong>e droits.<\/strong><\/li>\n<li><strong><a href=\"https:\/\/www.auboutdufil.com\" target=\"_blank\" rel=\"noopener\">Auboutdufil<\/a><\/strong>: site de t\u00e9l\u00e9chargement de musiques libres de dr<strong>oits. diffusion possible dans vos vid\u00e9os.<\/strong><\/li>\n<li><strong><a href=\"https:\/\/www.youtube.com\/audiolibrary\/music\" target=\"_blank\" rel=\"noopener\">Youtube<\/a> : <\/strong>propose une liste de musiques libres de droits ainsi qu\u2019un catalogue de bruitages et d\u2019effets sonores t\u00e9l\u00e9chargeables.<\/li>\n<\/ul>\n<p>[\/et_pb_tab][et_pb_tab _builder_version=&#8221;3.11.1&#8243; title=&#8221;Vid\u00e9o sur smartphone&#8221; use_background_color_gradient=&#8221;off&#8221; background_color_gradient_start=&#8221;#2b87da&#8221; background_color_gradient_end=&#8221;#29c4a9&#8243; background_color_gradient_type=&#8221;linear&#8221; background_color_gradient_direction=&#8221;180deg&#8221; background_color_gradient_direction_radial=&#8221;center&#8221; background_color_gradient_start_position=&#8221;0%&#8221; background_color_gradient_end_position=&#8221;100%&#8221; background_color_gradient_overlays_image=&#8221;off&#8221; parallax=&#8221;off&#8221; parallax_method=&#8221;on&#8221; background_size=&#8221;cover&#8221; background_position=&#8221;center&#8221; background_repeat=&#8221;no-repeat&#8221; background_blend=&#8221;normal&#8221; allow_player_pause=&#8221;off&#8221; background_video_pause_outside_viewport=&#8221;on&#8221; tab_text_shadow_style=&#8221;none&#8221; body_text_shadow_style=&#8221;none&#8221;]<\/p>\n<ul>\n<li>iMovie : montage vid\u00e9o (iOS)<\/li>\n<li>iStopmotion : logiciel sp\u00e9cialis\u00e9 dans le film d\u2019animation (payant)<\/li>\n<li>iMotion : faire des films d\u2019animation et du timelapse\u00a0 (Android et iOS)<\/li>\n<li>PowerDirector : montage vid\u00e9o (Android)<\/li>\n<\/ul>\n<p>[\/et_pb_tab][et_pb_tab _builder_version=&#8221;3.11.1&#8243; title=&#8221;Vid\u00e9o sur ordinateur&#8221; use_background_color_gradient=&#8221;off&#8221; background_color_gradient_start=&#8221;#2b87da&#8221; background_color_gradient_end=&#8221;#29c4a9&#8243; background_color_gradient_type=&#8221;linear&#8221; background_color_gradient_direction=&#8221;180deg&#8221; background_color_gradient_direction_radial=&#8221;center&#8221; background_color_gradient_start_position=&#8221;0%&#8221; background_color_gradient_end_position=&#8221;100%&#8221; background_color_gradient_overlays_image=&#8221;off&#8221; parallax=&#8221;off&#8221; parallax_method=&#8221;on&#8221; background_size=&#8221;cover&#8221; background_position=&#8221;center&#8221; background_repeat=&#8221;no-repeat&#8221; background_blend=&#8221;normal&#8221; allow_player_pause=&#8221;off&#8221; background_video_pause_outside_viewport=&#8221;on&#8221; tab_text_shadow_style=&#8221;none&#8221; body_text_shadow_style=&#8221;none&#8221;]<\/p>\n<ul>\n<li>iMovie : Mac<\/li>\n<li>Movie Maker : PC<\/li>\n<li>VSDC : PC<\/li>\n<\/ul>\n<p>[\/et_pb_tab][\/et_pb_tabs][\/et_pb_column][\/et_pb_row][et_pb_row _builder_version=&#8221;3.11.1&#8243; make_fullwidth=&#8221;on&#8221;][et_pb_column type=&#8221;1_2&#8243;][et_pb_code admin_label=&#8221;video droit \u00e0 l&#8217;image&#8221; _builder_version=&#8221;3.9&#8243;]&lt;iframe width=&#8221;560&#8243; height=&#8221;315&#8243; src=&#8221;https:\/\/www.youtube.com\/embed\/2tlaMaHAG7Q&#8221; frameborder=&#8221;0&#8243; gesture=&#8221;media&#8221; allow=&#8221;encrypted-media&#8221; allowfullscreen&gt;&lt;\/iframe&gt;[\/et_pb_code][\/et_pb_column][et_pb_column type=&#8221;1_2&#8243;][et_pb_code admin_label=&#8221;video droit musique&#8221; _builder_version=&#8221;3.0.91&#8243;]&lt;iframe width=&#8221;560&#8243; height=&#8221;315&#8243; src=&#8221;https:\/\/www.youtube.com\/embed\/c6TkBdD0CnM&#8221; frameborder=&#8221;0&#8243; gesture=&#8221;media&#8221; allow=&#8221;encrypted-media&#8221; allowfullscreen&gt;&lt;\/iframe&gt;[\/et_pb_code][\/et_pb_column][\/et_pb_row][\/et_pb_section][et_pb_section bb_built=&#8221;1&#8243; fullwidth=&#8221;off&#8221; specialty=&#8221;off&#8221; _builder_version=&#8221;3.0.89&#8243; custom_margin=&#8221;20px||20px|&#8221; custom_padding=&#8221;0px||0px|&#8221; prev_background_color=&#8221;#cbc7bb&#8221;][et_pb_row _builder_version=&#8221;3.11.1&#8243; custom_padding=&#8221;0px||0px|&#8221; make_fullwidth=&#8221;on&#8221;][et_pb_column type=&#8221;1_3&#8243;][et_pb_text admin_label=&#8221;TutoAudacity1&#8243; _builder_version=&#8221;3.0.89&#8243; background_layout=&#8221;light&#8221; text_text_shadow_style=&#8221;preset2&#8243; header_text_shadow_style=&#8221;preset2&#8243;]<\/p>\n<iframe src=\"\/\/docs.google.com\/viewer?url=http%3A%2F%2Fwww.ddec22.asso.fr%2Flenumerique%2Fwp-content%2Fuploads%2F2017%2F11%2FAudacity.pdf&hl=fr&embedded=true\" class=\"gde-frame\" style=\"width:100%; height:500px; border: none;\" scrolling=\"no\"><\/iframe>\n<p class=\"gde-text\"><a href=\"http:\/\/www.ddec22.asso.fr\/lenumerique\/wp-content\/uploads\/2017\/11\/Audacity.pdf\" class=\"gde-link\">T\u00e9l\u00e9charger (PDF, 570KB)<\/a><\/p>\n<p>[\/et_pb_text][\/et_pb_column][et_pb_column type=&#8221;1_3&#8243;][et_pb_text admin_label=&#8221;TutoAudacityTP&#8221; _builder_version=&#8221;3.0.89&#8243; background_layout=&#8221;light&#8221;]<\/p>\n<iframe src=\"\/\/docs.google.com\/viewer?url=http%3A%2F%2Fwww.ddec22.asso.fr%2Flenumerique%2Fwp-content%2Fuploads%2F2017%2F11%2Ftp-audacity.pdf&hl=fr&embedded=true\" class=\"gde-frame\" style=\"width:100%; height:500px; border: none;\" scrolling=\"no\"><\/iframe>\n<p class=\"gde-text\"><a href=\"http:\/\/www.ddec22.asso.fr\/lenumerique\/wp-content\/uploads\/2017\/11\/tp-audacity.pdf\" class=\"gde-link\">T\u00e9l\u00e9charger (PDF, 729KB)<\/a><\/p>\n<p>[\/et_pb_text][\/et_pb_column][et_pb_column type=&#8221;1_3&#8243;][et_pb_text admin_label=&#8221;TutoiMovie&#8221; _builder_version=&#8221;3.0.89&#8243; background_layout=&#8221;light&#8221;]<\/p>\n<iframe src=\"\/\/docs.google.com\/viewer?url=http%3A%2F%2Fwww.ddec22.asso.fr%2Flenumerique%2Fwp-content%2Fuploads%2F2017%2F11%2FtutoImovieIpad.pdf&hl=fr&embedded=true\" class=\"gde-frame\" style=\"width:100%; height:500px; border: none;\" scrolling=\"no\"><\/iframe>\n<p class=\"gde-text\"><a href=\"http:\/\/www.ddec22.asso.fr\/lenumerique\/wp-content\/uploads\/2017\/11\/tutoImovieIpad.pdf\" class=\"gde-link\">T\u00e9l\u00e9charger (PDF, 761KB)<\/a><\/p>\n<p>[\/et_pb_text][\/et_pb_column][\/et_pb_row][\/et_pb_section]<\/p>\n","protected":false},"excerpt":{"rendered":"<p>Produire des images num\u00e9riques pour mieux les comprendre &nbsp; Formulaires t\u00e9l\u00e9chargeables pour l&#8217;autorisation de captation : image et voix Personnes mineures Personnes majeures Liste d&#8217;applications pour le son (Tablettes et smartphone) Walkband : montage audio (Android). Garageband : montage audio (iOs). Launchpad : composer soi-m\u00eame tr\u00e8s rapidement &#8216;android et iOs) Logiciels de montage pour le [&hellip;]<\/p>\n","protected":false},"author":1,"featured_media":0,"parent":445,"menu_order":0,"comment_status":"open","ping_status":"closed","template":"page-template-blank.php","meta":{"_et_pb_use_builder":"on","_et_pb_old_content":"","_et_gb_content_width":"","footnotes":""},"class_list":["post-1104","page","type-page","status-publish","hentry"],"_links":{"self":[{"href":"http:\/\/www.ddec22.asso.fr\/lenumerique\/wp-json\/wp\/v2\/pages\/1104","targetHints":{"allow":["GET"]}}],"collection":[{"href":"http:\/\/www.ddec22.asso.fr\/lenumerique\/wp-json\/wp\/v2\/pages"}],"about":[{"href":"http:\/\/www.ddec22.asso.fr\/lenumerique\/wp-json\/wp\/v2\/types\/page"}],"author":[{"embeddable":true,"href":"http:\/\/www.ddec22.asso.fr\/lenumerique\/wp-json\/wp\/v2\/users\/1"}],"replies":[{"embeddable":true,"href":"http:\/\/www.ddec22.asso.fr\/lenumerique\/wp-json\/wp\/v2\/comments?post=1104"}],"version-history":[{"count":0,"href":"http:\/\/www.ddec22.asso.fr\/lenumerique\/wp-json\/wp\/v2\/pages\/1104\/revisions"}],"up":[{"embeddable":true,"href":"http:\/\/www.ddec22.asso.fr\/lenumerique\/wp-json\/wp\/v2\/pages\/445"}],"wp:attachment":[{"href":"http:\/\/www.ddec22.asso.fr\/lenumerique\/wp-json\/wp\/v2\/media?parent=1104"}],"curies":[{"name":"wp","href":"https:\/\/api.w.org\/{rel}","templated":true}]}}